{"id":170,"date":"2017-08-02T15:20:39","date_gmt":"2017-08-02T15:20:39","guid":{"rendered":"http:\/\/rotary-reimsgrandjeu.org\/?page_id=170"},"modified":"2025-09-06T17:01:59","modified_gmt":"2025-09-06T15:01:59","slug":"le-bureau-2","status":"publish","type":"page","link":"http:\/\/rotary-reimsgrandjeu.org\/?page_id=170","title":{"rendered":"Le Bureau"},"content":{"rendered":"<p>&nbsp;<\/p>\n<table>\n<tbody>\n<tr>\n<td style=\"text-align: center;\" colspan=\"2\">Bureau 2025-2026<\/td>\n<\/tr>\n<tr>\n<td>Violaine LAURANT-NOEL<\/td>\n<td>Pr\u00e9sident&nbsp;<\/td>\n<\/tr>\n<tr>\n<td>J\u00e9r\u00e9my CHOBRIAT<\/td>\n<td>Secr\u00e9taire&nbsp;<\/td>\n<\/tr>\n<tr>\n<td>Dirk WEISS<\/td>\n<td>Tr\u00e9sorier&nbsp;<\/td>\n<\/tr>\n<tr>\n<td>Jean ROGER<\/td>\n<td>Vice-pr\u00e9sident<\/td>\n<\/tr>\n<tr>\n<td>Matthieu RIGOLOT<\/td>\n<td>Protocole<\/td>\n<\/tr>\n<tr>\n<td>Michel STOURDZA<\/td>\n<td>Fondation<\/td>\n<\/tr>\n<tr>\n<td>Jacques RIVIERE<\/td>\n<td>Past-pr\u00e9sident<\/td>\n<\/tr>\n<\/tbody>\n<\/table>\n<p>&nbsp;<\/p>\n<p>&nbsp;<\/p>\n<p>&nbsp;<\/p>\n<p>&nbsp;<\/p>\n<p>&nbsp;<\/p>\n<p>&nbsp;<\/p>\n<p>&nbsp;<\/p>\n","protected":false},"excerpt":{"rendered":"<p>&nbsp; Bureau 2025-2026 Violaine LAURANT-NOEL Pr\u00e9sident&nbsp; J\u00e9r\u00e9my CHOBRIAT Secr\u00e9taire&nbsp; Dirk WEISS Tr\u00e9sorier&nbsp; Jean ROGER Vice-pr\u00e9sident Matthieu RIGOLOT Protocole Michel STOURDZA Fondation Jacques RIVIERE Past-pr\u00e9sident &nbsp; &nbsp; &nbsp; &nbsp; &nbsp; &nbsp; &nbsp;<\/p>\n","protected":false},"author":1,"featured_media":0,"parent":0,"menu_order":0,"comment_status":"closed","ping_status":"closed","template":"","meta":{"ngg_post_thumbnail":0,"footnotes":""},"yoast_head":"<!-- This site is optimized with the Yoast SEO plugin v15.3 - https:\/\/yoast.com\/wordpress\/plugins\/seo\/ -->\n<meta name=\"robots\" content=\"index, follow, max-snippet:-1, max-image-preview:large, max-video-preview:-1\" \/>\n<link rel=\"canonical\" href=\"http:\/\/rotary-reimsgrandjeu.org\/?page_id=170\" \/>\n<meta property=\"og:locale\" content=\"fr_FR\" \/>\n<meta property=\"og:type\" content=\"article\" \/>\n<meta property=\"og:title\" content=\"Le Bureau -\" \/>\n<meta property=\"og:description\" content=\"&nbsp; Bureau 2025-2026 Violaine LAURANT-NOEL Pr\u00e9sident&nbsp; J\u00e9r\u00e9my CHOBRIAT Secr\u00e9taire&nbsp; Dirk WEISS Tr\u00e9sorier&nbsp; Jean ROGER Vice-pr\u00e9sident Matthieu RIGOLOT Protocole Michel STOURDZA Fondation Jacques RIVIERE Past-pr\u00e9sident &nbsp; &nbsp; &nbsp; &nbsp; &nbsp; &nbsp; &nbsp;\" \/>\n<meta property=\"og:url\" content=\"http:\/\/rotary-reimsgrandjeu.org\/?page_id=170\" \/>\n<meta property=\"article:modified_time\" content=\"2025-09-06T15:01:59+00:00\" \/>\n<meta name=\"twitter:card\" content=\"summary\" \/>\n<meta name=\"twitter:label1\" content=\"\u00c9crit par\">\n\t<meta name=\"twitter:data1\" content=\"R51JC_-\">\n\t<meta name=\"twitter:label2\" content=\"Dur\u00e9e de lecture est.\">\n\t<meta name=\"twitter:data2\" content=\"0 minute\">\n<script type=\"application\/ld+json\" class=\"yoast-schema-graph\">{\"@context\":\"https:\/\/schema.org\",\"@graph\":[{\"@type\":\"WebSite\",\"@id\":\"http:\/\/rotary-reimsgrandjeu.org\/#website\",\"url\":\"http:\/\/rotary-reimsgrandjeu.org\/\",\"name\":\"\",\"description\":\"\",\"potentialAction\":[{\"@type\":\"SearchAction\",\"target\":\"http:\/\/rotary-reimsgrandjeu.org\/?s={search_term_string}\",\"query-input\":\"required name=search_term_string\"}],\"inLanguage\":\"fr-FR\"},{\"@type\":\"WebPage\",\"@id\":\"http:\/\/rotary-reimsgrandjeu.org\/?page_id=170#webpage\",\"url\":\"http:\/\/rotary-reimsgrandjeu.org\/?page_id=170\",\"name\":\"Le Bureau -\",\"isPartOf\":{\"@id\":\"http:\/\/rotary-reimsgrandjeu.org\/#website\"},\"datePublished\":\"2017-08-02T15:20:39+00:00\",\"dateModified\":\"2025-09-06T15:01:59+00:00\",\"inLanguage\":\"fr-FR\",\"potentialAction\":[{\"@type\":\"ReadAction\",\"target\":[\"http:\/\/rotary-reimsgrandjeu.org\/?page_id=170\"]}]}]}<\/script>\n<!-- \/ Yoast SEO plugin. -->","_links":{"self":[{"href":"http:\/\/rotary-reimsgrandjeu.org\/index.php?rest_route=\/wp\/v2\/pages\/170"}],"collection":[{"href":"http:\/\/rotary-reimsgrandjeu.org\/index.php?rest_route=\/wp\/v2\/pages"}],"about":[{"href":"http:\/\/rotary-reimsgrandjeu.org\/index.php?rest_route=\/wp\/v2\/types\/page"}],"author":[{"embeddable":true,"href":"http:\/\/rotary-reimsgrandjeu.org\/index.php?rest_route=\/wp\/v2\/users\/1"}],"replies":[{"embeddable":true,"href":"http:\/\/rotary-reimsgrandjeu.org\/index.php?rest_route=%2Fwp%2Fv2%2Fcomments&post=170"}],"version-history":[{"count":10,"href":"http:\/\/rotary-reimsgrandjeu.org\/index.php?rest_route=\/wp\/v2\/pages\/170\/revisions"}],"predecessor-version":[{"id":460,"href":"http:\/\/rotary-reimsgrandjeu.org\/index.php?rest_route=\/wp\/v2\/pages\/170\/revisions\/460"}],"wp:attachment":[{"href":"http:\/\/rotary-reimsgrandjeu.org\/index.php?rest_route=%2Fwp%2Fv2%2Fmedia&parent=170"}],"curies":[{"name":"wp","href":"https:\/\/api.w.org\/{rel}","templated":true}]}}