{"id":252,"date":"2017-08-03T13:27:32","date_gmt":"2017-08-03T13:27:32","guid":{"rendered":"http:\/\/rotary-reimsgrandjeu.org\/?page_id=252"},"modified":"2018-01-13T20:09:06","modified_gmt":"2018-01-13T18:09:06","slug":"actions-anterieures","status":"publish","type":"page","link":"http:\/\/rotary-reimsgrandjeu.org\/?page_id=252","title":{"rendered":"Actions ant\u00e9rieures"},"content":{"rendered":"<h2 style=\"text-align: center;\">Quelques actions conduites par le Rotary Club Reims Grand Jeu<\/h2>\n<ul>\n<li><a href=\"http:\/\/rotary-reimsgrandjeu.org\/?page_id=338\">L\u2019art \u00e0 l\u2019h\u00f4pital<\/a> : vente aux ench\u00e8res, \u00e0&nbsp;destination des enfants hospitalis\u00e9s \u00e0 Reims,&nbsp;d\u2019\u0153uvres r\u00e9alis\u00e9es par des artistes s\u00e9lectionn\u00e9s, \u00e0 partir de bo\u00eetes en bois pour magnum de champagne.<\/li>\n<li>Vente aux ench\u00e8res de compressions r\u00e9alis\u00e9es \u00e0 partir de capsules et muselets de champagne au profit des <a href=\"http:\/\/rotary-reimsgrandjeu.org\/?page_id=340\">r\u00e9gates r\u00e9moises section handisport<\/a> (financement d\u2019un b\u00e2teau), des <a href=\"http:\/\/rotary-reimsgrandjeu.org\/?page_id=343\">\u00e9l\u00e8ves de l\u2019ESAD<\/a> et de l\u2019association 123 Xtra.<\/li>\n<li>Vente aux ench\u00e8res de <a href=\"http:\/\/rotary-reimsgrandjeu.org\/?page_id=345\">maillots de sportifs<\/a> \u00e0 destination de la Maraude citoyenne r\u00e9moise.<\/li>\n<li><a href=\"http:\/\/rotary-reimsgrandjeu.org\/?page_id=348\">Envoi de containers<\/a> en C\u00f4te d\u2019Ivoire en soutien \u00e0 l\u2019association Savoir Ivoire, d\u2019un container de mat\u00e9riel m\u00e9dical au Gabon.&nbsp;<\/li>\n<li><a href=\"http:\/\/rotary-reimsgrandjeu.org\/?page_id=350\">Participation \u00e0 des entretiens<\/a> de pr\u00e9paration aux oraux de concours d\u2019entr\u00e9e dans les grandes \u00e9coles.<\/li>\n<\/ul>\n","protected":false},"excerpt":{"rendered":"<p>Quelques actions conduites par le Rotary Club Reims Grand Jeu L\u2019art \u00e0 l\u2019h\u00f4pital : vente aux ench\u00e8res, \u00e0&nbsp;destination des enfants hospitalis\u00e9s \u00e0 Reims,&nbsp;d\u2019\u0153uvres r\u00e9alis\u00e9es par des artistes s\u00e9lectionn\u00e9s, \u00e0 partir de bo\u00eetes en bois pour magnum de champagne. Vente aux &hellip; <a href=\"http:\/\/rotary-reimsgrandjeu.org\/?page_id=252\">Continuer la lecture <span class=\"meta-nav\">&rarr;<\/span><\/a><\/p>\n","protected":false},"author":1,"featured_media":0,"parent":141,"menu_order":0,"comment_status":"closed","ping_status":"closed","template":"","meta":{"ngg_post_thumbnail":0,"footnotes":""},"yoast_head":"<!-- This site is optimized with the Yoast SEO plugin v15.3 - https:\/\/yoast.com\/wordpress\/plugins\/seo\/ -->\n<meta name=\"robots\" content=\"index, follow, max-snippet:-1, max-image-preview:large, max-video-preview:-1\" \/>\n<link rel=\"canonical\" href=\"http:\/\/rotary-reimsgrandjeu.org\/?page_id=252\" \/>\n<meta property=\"og:locale\" content=\"fr_FR\" \/>\n<meta property=\"og:type\" content=\"article\" \/>\n<meta property=\"og:title\" content=\"Actions ant\u00e9rieures -\" \/>\n<meta property=\"og:description\" content=\"Quelques actions conduites par le Rotary Club Reims Grand Jeu L\u2019art \u00e0 l\u2019h\u00f4pital : vente aux ench\u00e8res, \u00e0&nbsp;destination des enfants hospitalis\u00e9s \u00e0 Reims,&nbsp;d\u2019\u0153uvres r\u00e9alis\u00e9es par des artistes s\u00e9lectionn\u00e9s, \u00e0 partir de bo\u00eetes en bois pour magnum de champagne. Vente aux &hellip; Continuer la lecture &rarr;\" \/>\n<meta property=\"og:url\" content=\"http:\/\/rotary-reimsgrandjeu.org\/?page_id=252\" \/>\n<meta property=\"article:modified_time\" content=\"2018-01-13T18:09:06+00:00\" \/>\n<meta name=\"twitter:card\" content=\"summary\" \/>\n<meta name=\"twitter:label1\" content=\"\u00c9crit par\">\n\t<meta name=\"twitter:data1\" content=\"R51JC_-\">\n\t<meta name=\"twitter:label2\" content=\"Dur\u00e9e de lecture est.\">\n\t<meta name=\"twitter:data2\" content=\"1 minute\">\n<script type=\"application\/ld+json\" class=\"yoast-schema-graph\">{\"@context\":\"https:\/\/schema.org\",\"@graph\":[{\"@type\":\"WebSite\",\"@id\":\"http:\/\/rotary-reimsgrandjeu.org\/#website\",\"url\":\"http:\/\/rotary-reimsgrandjeu.org\/\",\"name\":\"\",\"description\":\"\",\"potentialAction\":[{\"@type\":\"SearchAction\",\"target\":\"http:\/\/rotary-reimsgrandjeu.org\/?s={search_term_string}\",\"query-input\":\"required name=search_term_string\"}],\"inLanguage\":\"fr-FR\"},{\"@type\":\"WebPage\",\"@id\":\"http:\/\/rotary-reimsgrandjeu.org\/?page_id=252#webpage\",\"url\":\"http:\/\/rotary-reimsgrandjeu.org\/?page_id=252\",\"name\":\"Actions ant\\u00e9rieures -\",\"isPartOf\":{\"@id\":\"http:\/\/rotary-reimsgrandjeu.org\/#website\"},\"datePublished\":\"2017-08-03T13:27:32+00:00\",\"dateModified\":\"2018-01-13T18:09:06+00:00\",\"inLanguage\":\"fr-FR\",\"potentialAction\":[{\"@type\":\"ReadAction\",\"target\":[\"http:\/\/rotary-reimsgrandjeu.org\/?page_id=252\"]}]}]}<\/script>\n<!-- \/ Yoast SEO plugin. -->","_links":{"self":[{"href":"http:\/\/rotary-reimsgrandjeu.org\/index.php?rest_route=\/wp\/v2\/pages\/252"}],"collection":[{"href":"http:\/\/rotary-reimsgrandjeu.org\/index.php?rest_route=\/wp\/v2\/pages"}],"about":[{"href":"http:\/\/rotary-reimsgrandjeu.org\/index.php?rest_route=\/wp\/v2\/types\/page"}],"author":[{"embeddable":true,"href":"http:\/\/rotary-reimsgrandjeu.org\/index.php?rest_route=\/wp\/v2\/users\/1"}],"replies":[{"embeddable":true,"href":"http:\/\/rotary-reimsgrandjeu.org\/index.php?rest_route=%2Fwp%2Fv2%2Fcomments&post=252"}],"version-history":[{"count":4,"href":"http:\/\/rotary-reimsgrandjeu.org\/index.php?rest_route=\/wp\/v2\/pages\/252\/revisions"}],"predecessor-version":[{"id":369,"href":"http:\/\/rotary-reimsgrandjeu.org\/index.php?rest_route=\/wp\/v2\/pages\/252\/revisions\/369"}],"up":[{"embeddable":true,"href":"http:\/\/rotary-reimsgrandjeu.org\/index.php?rest_route=\/wp\/v2\/pages\/141"}],"wp:attachment":[{"href":"http:\/\/rotary-reimsgrandjeu.org\/index.php?rest_route=%2Fwp%2Fv2%2Fmedia&parent=252"}],"curies":[{"name":"wp","href":"https:\/\/api.w.org\/{rel}","templated":true}]}}