{"id":261,"date":"2017-08-03T13:33:47","date_gmt":"2017-08-03T13:33:47","guid":{"rendered":"http:\/\/rotary-reimsgrandjeu.org\/?page_id=261"},"modified":"2018-02-20T00:28:37","modified_gmt":"2018-02-19T22:28:37","slug":"rc-reims-grand-jeu","status":"publish","type":"page","link":"http:\/\/rotary-reimsgrandjeu.org\/?page_id=261","title":{"rendered":"Rotary Club Reims Grand Jeu"},"content":{"rendered":"<p>&nbsp;<\/p>\n<p style=\"text-align: justify;\"><img decoding=\"async\" loading=\"lazy\" class=\"size-medium wp-image-405 aligncenter\" src=\"http:\/\/rotary-reimsgrandjeu.org\/wp-content\/uploads\/2018\/02\/Illustration_de_Mayo_pour_Le_Grand_Jeu-300x170.jpg\" alt=\"\" width=\"300\" height=\"170\" srcset=\"http:\/\/rotary-reimsgrandjeu.org\/wp-content\/uploads\/2018\/02\/Illustration_de_Mayo_pour_Le_Grand_Jeu-300x170.jpg 300w, http:\/\/rotary-reimsgrandjeu.org\/wp-content\/uploads\/2018\/02\/Illustration_de_Mayo_pour_Le_Grand_Jeu-768x435.jpg 768w, http:\/\/rotary-reimsgrandjeu.org\/wp-content\/uploads\/2018\/02\/Illustration_de_Mayo_pour_Le_Grand_Jeu.jpg 800w\" sizes=\"(max-width: 300px) 100vw, 300px\" \/><\/p>\n<p style=\"text-align: justify;\">Le Club Rotary Reims Grand Jeu (en hommage au mouvement&nbsp;surr\u00e9aliste <a href=\"https:\/\/fr.wikipedia.org\/wiki\/Le_Grand_Jeu_(revue)\">&#8220;Le Grand Jeu&#8221;<\/a> n\u00e9 \u00e0 Reims en 1928), cr\u00e9\u00e9 avec le projet d&#8217;allier art et solidarit\u00e9, a f\u00eat\u00e9 ses 10 ans d\u2019existence en 2017.&nbsp;<\/p>\n<p style=\"text-align: justify;\">Notre association, mixte, dernier-n\u00e9 des 5 Clubs de Reims, comprend aujourd\u2019hui une vingtaine de membres.<\/p>\n<h2 style=\"text-align: justify;\">Quelques actions conduites par le Rotary Club Reims Grand Jeu<\/h2>\n<ul style=\"text-align: justify;\">\n<li>L&#8217;art \u00e0 l&#8217;h\u00f4pital : vente aux ench\u00e8res, \u00e0&nbsp;destination des enfants hospitalis\u00e9s \u00e0 Reims,&nbsp;d\u2019\u0153uvres r\u00e9alis\u00e9es par des artistes s\u00e9lectionn\u00e9s, \u00e0 partir de bo\u00eetes en bois pour magnum de champagne,<\/li>\n<li>Vente aux ench\u00e8res de compressions r\u00e9alis\u00e9es \u00e0 partir de capsules et muselets de champagne au profit des r\u00e9gates r\u00e9moises section handisport (financement d&#8217;un b\u00e2teau), des \u00e9l\u00e8ves de l&#8217;ESAD et de l&#8217;association 123 Xtra,<\/li>\n<li>Vente aux ench\u00e8res de maillots de sportifs \u00e0 destination de la Maraude citoyenne r\u00e9moise,<\/li>\n<li>Cocktail caritatif en faveur de l&#8217;association le Regard du Miroir, accompagnant les personnes pr\u00e9sentant des troubles du comportement alimentaire,<\/li>\n<li>Concert afin de contribuer \u00e0 l&#8217;\u00e9radication de la polio,<\/li>\n<li>Envoi de containers en C\u00f4te d&#8217;Ivoire en soutien \u00e0 l&#8217;association Savoir Ivoire, d&#8217;un container de mat\u00e9riel m\u00e9dical au Gabon,<\/li>\n<li>Participation \u00e0 des entretiens de pr\u00e9paration aux oraux de concours d&#8217;entr\u00e9e dans les grandes \u00e9coles.<\/li>\n<\/ul>\n<p><img decoding=\"async\" loading=\"lazy\" class=\"wp-image-109 aligncenter\" src=\"http:\/\/rotary-reimsgrandjeu.org\/wp-content\/uploads\/2017\/07\/Screen-Shot-06-26-17-at-09.29-PM-169x300.png\" alt=\"\" width=\"141\" height=\"250\" srcset=\"http:\/\/rotary-reimsgrandjeu.org\/wp-content\/uploads\/2017\/07\/Screen-Shot-06-26-17-at-09.29-PM-169x300.png 169w, http:\/\/rotary-reimsgrandjeu.org\/wp-content\/uploads\/2017\/07\/Screen-Shot-06-26-17-at-09.29-PM-270x480.png 270w, http:\/\/rotary-reimsgrandjeu.org\/wp-content\/uploads\/2017\/07\/Screen-Shot-06-26-17-at-09.29-PM.png 495w\" sizes=\"(max-width: 141px) 100vw, 141px\" \/><\/p>\n<p style=\"text-align: justify;\">&nbsp;<\/p>\n","protected":false},"excerpt":{"rendered":"<p>&nbsp; Le Club Rotary Reims Grand Jeu (en hommage au mouvement&nbsp;surr\u00e9aliste &#8220;Le Grand Jeu&#8221; n\u00e9 \u00e0 Reims en 1928), cr\u00e9\u00e9 avec le projet d&#8217;allier art et solidarit\u00e9, a f\u00eat\u00e9 ses 10 ans d\u2019existence en 2017.&nbsp; Notre association, mixte, dernier-n\u00e9 des &hellip; <a href=\"http:\/\/rotary-reimsgrandjeu.org\/?page_id=261\">Continuer la lecture <span class=\"meta-nav\">&rarr;<\/span><\/a><\/p>\n","protected":false},"author":1,"featured_media":0,"parent":0,"menu_order":0,"comment_status":"closed","ping_status":"closed","template":"","meta":{"ngg_post_thumbnail":0,"footnotes":""},"yoast_head":"<!-- This site is optimized with the Yoast SEO plugin v15.3 - https:\/\/yoast.com\/wordpress\/plugins\/seo\/ -->\n<meta name=\"robots\" content=\"index, follow, max-snippet:-1, max-image-preview:large, max-video-preview:-1\" \/>\n<link rel=\"canonical\" href=\"http:\/\/rotary-reimsgrandjeu.org\/?page_id=261\" \/>\n<meta property=\"og:locale\" content=\"fr_FR\" \/>\n<meta property=\"og:type\" content=\"article\" \/>\n<meta property=\"og:title\" content=\"Rotary Club Reims Grand Jeu -\" \/>\n<meta property=\"og:description\" content=\"&nbsp; Le Club Rotary Reims Grand Jeu (en hommage au mouvement&nbsp;surr\u00e9aliste &#8220;Le Grand Jeu&#8221; n\u00e9 \u00e0 Reims en 1928), cr\u00e9\u00e9 avec le projet d&#8217;allier art et solidarit\u00e9, a f\u00eat\u00e9 ses 10 ans d\u2019existence en 2017.&nbsp; Notre association, mixte, dernier-n\u00e9 des &hellip; Continuer la lecture &rarr;\" \/>\n<meta property=\"og:url\" content=\"http:\/\/rotary-reimsgrandjeu.org\/?page_id=261\" \/>\n<meta property=\"article:modified_time\" content=\"2018-02-19T22:28:37+00:00\" \/>\n<meta property=\"og:image\" content=\"http:\/\/rotary-reimsgrandjeu.org\/wp-content\/uploads\/2018\/02\/Illustration_de_Mayo_pour_Le_Grand_Jeu-300x170.jpg\" \/>\n<meta name=\"twitter:card\" content=\"summary\" \/>\n<meta name=\"twitter:label1\" content=\"\u00c9crit par\">\n\t<meta name=\"twitter:data1\" content=\"R51JC_-\">\n\t<meta name=\"twitter:label2\" content=\"Dur\u00e9e de lecture est.\">\n\t<meta name=\"twitter:data2\" content=\"1 minute\">\n<script type=\"application\/ld+json\" class=\"yoast-schema-graph\">{\"@context\":\"https:\/\/schema.org\",\"@graph\":[{\"@type\":\"WebSite\",\"@id\":\"http:\/\/rotary-reimsgrandjeu.org\/#website\",\"url\":\"http:\/\/rotary-reimsgrandjeu.org\/\",\"name\":\"\",\"description\":\"\",\"potentialAction\":[{\"@type\":\"SearchAction\",\"target\":\"http:\/\/rotary-reimsgrandjeu.org\/?s={search_term_string}\",\"query-input\":\"required name=search_term_string\"}],\"inLanguage\":\"fr-FR\"},{\"@type\":\"ImageObject\",\"@id\":\"http:\/\/rotary-reimsgrandjeu.org\/?page_id=261#primaryimage\",\"inLanguage\":\"fr-FR\",\"url\":\"http:\/\/rotary-reimsgrandjeu.org\/wp-content\/uploads\/2018\/02\/Illustration_de_Mayo_pour_Le_Grand_Jeu.jpg\",\"width\":800,\"height\":453},{\"@type\":\"WebPage\",\"@id\":\"http:\/\/rotary-reimsgrandjeu.org\/?page_id=261#webpage\",\"url\":\"http:\/\/rotary-reimsgrandjeu.org\/?page_id=261\",\"name\":\"Rotary Club Reims Grand Jeu -\",\"isPartOf\":{\"@id\":\"http:\/\/rotary-reimsgrandjeu.org\/#website\"},\"primaryImageOfPage\":{\"@id\":\"http:\/\/rotary-reimsgrandjeu.org\/?page_id=261#primaryimage\"},\"datePublished\":\"2017-08-03T13:33:47+00:00\",\"dateModified\":\"2018-02-19T22:28:37+00:00\",\"inLanguage\":\"fr-FR\",\"potentialAction\":[{\"@type\":\"ReadAction\",\"target\":[\"http:\/\/rotary-reimsgrandjeu.org\/?page_id=261\"]}]}]}<\/script>\n<!-- \/ Yoast SEO plugin. -->","_links":{"self":[{"href":"http:\/\/rotary-reimsgrandjeu.org\/index.php?rest_route=\/wp\/v2\/pages\/261"}],"collection":[{"href":"http:\/\/rotary-reimsgrandjeu.org\/index.php?rest_route=\/wp\/v2\/pages"}],"about":[{"href":"http:\/\/rotary-reimsgrandjeu.org\/index.php?rest_route=\/wp\/v2\/types\/page"}],"author":[{"embeddable":true,"href":"http:\/\/rotary-reimsgrandjeu.org\/index.php?rest_route=\/wp\/v2\/users\/1"}],"replies":[{"embeddable":true,"href":"http:\/\/rotary-reimsgrandjeu.org\/index.php?rest_route=%2Fwp%2Fv2%2Fcomments&post=261"}],"version-history":[{"count":9,"href":"http:\/\/rotary-reimsgrandjeu.org\/index.php?rest_route=\/wp\/v2\/pages\/261\/revisions"}],"predecessor-version":[{"id":406,"href":"http:\/\/rotary-reimsgrandjeu.org\/index.php?rest_route=\/wp\/v2\/pages\/261\/revisions\/406"}],"wp:attachment":[{"href":"http:\/\/rotary-reimsgrandjeu.org\/index.php?rest_route=%2Fwp%2Fv2%2Fmedia&parent=261"}],"curies":[{"name":"wp","href":"https:\/\/api.w.org\/{rel}","templated":true}]}}