{"id":263,"date":"2017-08-03T13:33:47","date_gmt":"2017-08-03T13:33:47","guid":{"rendered":"http:\/\/rotary-reimsgrandjeu.org\/?page_id=263"},"modified":"2018-02-09T02:32:00","modified_gmt":"2018-02-09T00:32:00","slug":"rotary-international","status":"publish","type":"page","link":"http:\/\/rotary-reimsgrandjeu.org\/?page_id=263","title":{"rendered":"Rotary International"},"content":{"rendered":"<p>Le Rotary est une association de 1 200 000 d\u2019hommes et de femmes, pr\u00e9sent dans pr\u00e8s de 170 pays, repr\u00e9sentant l\u2019ensemble des professions. Il est le plus ancien des clubs services internationaux et le plus pr\u00e9sent dans le monde. Il valorise une haute \u00e9thique civique et professionnelle et de par ses actions agit pour l\u2019int\u00e9r\u00eat g\u00e9n\u00e9ral.<\/p>\n<p>Les membres sont unis dans un esprit humaniste et dans des actions \u00e9ducatives et humanitaires.<\/p>\n<h3 class=\"spip\">Le Rotary en quelques dates<\/h3>\n<p><span class=\"spip_document_15 spip_documents spip_documents_right\"><img decoding=\"async\" loading=\"lazy\" title=\"paul harris\" src=\"http:\/\/www.rotary-reims-en-champagne.com\/local\/cache-vignettes\/L113xH170\/pharris1jpg-cd6a-0353d.jpg?1480089669\" alt=\"paul harris\" width=\"113\" height=\"170\"><\/span><br \/>\n<img decoding=\"async\" loading=\"lazy\" class=\"puce\" src=\"http:\/\/www.rotary-reims-en-champagne.com\/local\/cache-vignettes\/L8xH11\/puce-32883.gif?1480052004\" alt=\"-\" width=\"8\" height=\"11\">&nbsp;1905&nbsp;: Cr\u00e9ation le 23 f\u00e9vrier du Rotary Club de Chicago par un jeune avocat, Paul Harris, et 3 amis.&nbsp;<br \/>\n<img decoding=\"async\" loading=\"lazy\" class=\"puce\" src=\"http:\/\/www.rotary-reims-en-champagne.com\/local\/cache-vignettes\/L8xH11\/puce-32883.gif?1480052004\" alt=\"-\" width=\"8\" height=\"11\">&nbsp;1917&nbsp;: Lancement de la Fondation Rotary.&nbsp;<br \/>\n<img decoding=\"async\" loading=\"lazy\" class=\"puce\" src=\"http:\/\/www.rotary-reims-en-champagne.com\/local\/cache-vignettes\/L8xH11\/puce-32883.gif?1480052004\" alt=\"-\" width=\"8\" height=\"11\">&nbsp;1921&nbsp;: Naissance du Rotary en France avec le club de Paris.&nbsp;<br \/>\n<img decoding=\"async\" loading=\"lazy\" class=\"puce\" src=\"http:\/\/www.rotary-reims-en-champagne.com\/local\/cache-vignettes\/L8xH11\/puce-32883.gif?1480052004\" alt=\"-\" width=\"8\" height=\"11\">&nbsp;1937&nbsp;: Maurice Duperrey devient le 1er Pr\u00e9sident Fran\u00e7ais du Rotary International.&nbsp;<br \/>\n<img decoding=\"async\" loading=\"lazy\" class=\"puce\" src=\"http:\/\/www.rotary-reims-en-champagne.com\/local\/cache-vignettes\/L8xH11\/puce-32883.gif?1480052004\" alt=\"-\" width=\"8\" height=\"11\">&nbsp;1943&nbsp;: Une conf\u00e9rence rotarienne \u00e0 Londres sur l\u2019\u00e9ducation et les \u00e9changes culturels est \u00e0 l\u2019origine de la cr\u00e9ation de l\u2019UNESCO.&nbsp;<br \/>\n<img decoding=\"async\" loading=\"lazy\" class=\"puce\" src=\"http:\/\/www.rotary-reims-en-champagne.com\/local\/cache-vignettes\/L8xH11\/puce-32883.gif?1480052004\" alt=\"-\" width=\"8\" height=\"11\">&nbsp;1945&nbsp;: 49 Rotariens participent \u00e0 la r\u00e9daction de la Charte des Nations Unies.&nbsp;<br \/>\n<img decoding=\"async\" loading=\"lazy\" class=\"puce\" src=\"http:\/\/www.rotary-reims-en-champagne.com\/local\/cache-vignettes\/L8xH11\/puce-32883.gif?1480052004\" alt=\"-\" width=\"8\" height=\"11\">&nbsp;1989&nbsp;: Les femmes sont admises \u00e0 devenir membres des clubs.&nbsp;<br \/>\n<img decoding=\"async\" loading=\"lazy\" class=\"puce\" src=\"http:\/\/www.rotary-reims-en-champagne.com\/local\/cache-vignettes\/L8xH11\/puce-32883.gif?1480052004\" alt=\"-\" width=\"8\" height=\"11\">&nbsp;1989-1992&nbsp;: Renaissance du Rotary en Europe de l\u2019Est, apr\u00e8s 50 ans d\u2019interdiction.&nbsp;<br \/>\n<img decoding=\"async\" loading=\"lazy\" class=\"puce\" src=\"http:\/\/www.rotary-reims-en-champagne.com\/local\/cache-vignettes\/L8xH11\/puce-32883.gif?1480052004\" alt=\"-\" width=\"8\" height=\"11\">&nbsp;2000&nbsp;: Cr\u00e9ation de 2 clubs en Chine.&nbsp;<br \/>\n<img decoding=\"async\" loading=\"lazy\" class=\"puce\" src=\"http:\/\/www.rotary-reims-en-champagne.com\/local\/cache-vignettes\/L8xH11\/puce-32883.gif?1480052004\" alt=\"-\" width=\"8\" height=\"11\">&nbsp;2005&nbsp;: C\u00e9l\u00e9brations du centenaire.<\/p>\n<h3 class=\"spip\">Le Rotary, les professionnels et les jeunes<\/h3>\n<p>Reconnus dans leurs m\u00e9tiers, les Rotariens transmettent leurs connaissances et encouragent les jeunes \u00e0 pr\u00e9parer leur avenir professionnel.<\/p>\n<p>Le Rotary entreprend de nombreuses actions et programmes en faveur de la jeunesse&nbsp;:<br class=\"autobr\"><span class=\"spip_document_19 spip_documents spip_documents_right\"><img decoding=\"async\" loading=\"lazy\" src=\"http:\/\/www.rotary-reims-en-champagne.com\/local\/cache-vignettes\/L200xH133\/training_groafa0-78395.jpg?1480089669\" alt=\"\" width=\"200\" height=\"133\"><\/span><\/p>\n<p><img decoding=\"async\" loading=\"lazy\" class=\"puce\" src=\"http:\/\/www.rotary-reims-en-champagne.com\/local\/cache-vignettes\/L8xH11\/puce-32883.gif?1480052004\" alt=\"-\" width=\"8\" height=\"11\">&nbsp;<strong>Bourses d\u2019\u00e9tudes<\/strong>&nbsp;de la Fondation Rotary&nbsp;<br \/>\n<img decoding=\"async\" loading=\"lazy\" class=\"puce\" src=\"http:\/\/www.rotary-reims-en-champagne.com\/local\/cache-vignettes\/L8xH11\/puce-32883.gif?1480052004\" alt=\"-\" width=\"8\" height=\"11\">&nbsp;<strong>Student Exchange<\/strong>&nbsp;: s\u00e9jours d\u2019une ann\u00e9e scolaire \u00e0 l\u2019\u00e9tranger pour des 16-18 ans.&nbsp;<br \/>\n<img decoding=\"async\" loading=\"lazy\" class=\"puce\" src=\"http:\/\/www.rotary-reims-en-champagne.com\/local\/cache-vignettes\/L8xH11\/puce-32883.gif?1480052004\" alt=\"-\" width=\"8\" height=\"11\">&nbsp;<strong>RYLA<\/strong>&nbsp;: S\u00e9minaires d\u2019entra\u00eenement aux prises de responsabilit\u00e9s&nbsp;<br \/>\n<img decoding=\"async\" loading=\"lazy\" class=\"puce\" src=\"http:\/\/www.rotary-reims-en-champagne.com\/local\/cache-vignettes\/L8xH11\/puce-32883.gif?1480052004\" alt=\"-\" width=\"8\" height=\"11\">&nbsp;<strong>ROTARACT<\/strong>&nbsp;: Cr\u00e9ation en 1968 du club service pour les 18-30 ans enfants ou non de rotariens d\u00e9sireux de servir par la camaraderie.<\/p>\n<h3 class=\"spip\">Le Rotary et ses actions<\/h3>\n<p>Le Rotary r\u00e9pond \u00e0 des besoins de toute nature.<\/p>\n<p><strong>Pour notre cit\u00e9<\/strong>&nbsp;: Aider les handicap\u00e9s dans leur quotidien, sensibiliser les jeunes aux dangers de la drogue, informer sur les dons d\u2019organes, aider les personnes \u00e2g\u00e9es, \u00e9quiper d\u2019un v\u00e9hicule adapt\u00e9 aux fauteuils roulant une maison de retraite\u2026.<\/p>\n<p><strong>\u00c0 l\u2019\u00e9tranger<\/strong>&nbsp;: Am\u00e9liorer la vie de population d\u00e9favoris\u00e9e en finan\u00e7ant l\u2019installation d\u2019\u00e9coles, de pompes \u00e0 eau ou en am\u00e9liorant le rendement d\u2019exploitation agricole.<br class=\"autobr\">Agir en faveur de la sant\u00e9 en d\u00e9veloppant un programme \u00ab&nbsp;Polioplus&nbsp;\u00bb dont le but est d\u2019\u00e9radiquer la polio de la surface de la terre pour cette ann\u00e9e 2005.<br class=\"autobr\">Agir sur l\u2019\u00e9ducation et contre la malnutrition\u2026<\/p>\n<p><strong>Quelques exemples<\/strong>&nbsp;: l\u2019aide aux apprentis, le prix du travail manuel, des \u00e9changes et rassemblements de jeunes, la lutte contre l\u2019illettrisme &#8230;<\/p>\n<h3 class=\"spip\">Le Rotary et la paix<\/h3>\n<p>Pr\u00e9sent dans 170 pays, le Rotary a toujours eu pour vocation de rapprocher les peuples et de favoriser la compr\u00e9hension entre les hommes.<\/p>\n<p>Pour cela le Rotary a cr\u00e9\u00e9&nbsp;:&nbsp;<br \/>\n<img decoding=\"async\" loading=\"lazy\" class=\"puce\" src=\"http:\/\/www.rotary-reims-en-champagne.com\/local\/cache-vignettes\/L8xH11\/puce-32883.gif?1480052004\" alt=\"-\" width=\"8\" height=\"11\">&nbsp;Des&nbsp;<strong>Centres du Rotary sur la paix<\/strong>&nbsp;et la r\u00e9solution de conflits (Universit\u00e9s de la paix).&nbsp;<br \/>\n<img decoding=\"async\" loading=\"lazy\" class=\"puce\" src=\"http:\/\/www.rotary-reims-en-champagne.com\/local\/cache-vignettes\/L8xH11\/puce-32883.gif?1480052004\" alt=\"-\" width=\"8\" height=\"11\">&nbsp;Des&nbsp;<strong>Echanges et groupes d\u2019\u00e9tudes (EGE)<\/strong>&nbsp;: donner \u00e0 de jeunes professionnels l\u2019occasion d\u2019acqu\u00e9rir des contacts personnels et professionnels dans un pays \u00e9tranger.&nbsp;<br \/>\n<img decoding=\"async\" loading=\"lazy\" class=\"puce\" src=\"http:\/\/www.rotary-reims-en-champagne.com\/local\/cache-vignettes\/L8xH11\/puce-32883.gif?1480052004\" alt=\"-\" width=\"8\" height=\"11\">&nbsp;Des&nbsp;<strong>Comit\u00e9s Inter Pays (CIP)<\/strong>&nbsp;dont le but est de promouvoir l\u2019entente entre les peuples, renforcer les liens d\u2019amiti\u00e9s nou\u00e9s entre les diff\u00e9rents clubs.<\/p>\n<p><span class=\"spip_document_18 spip_documents spip_documents_center\"><img decoding=\"async\" loading=\"lazy\" src=\"http:\/\/www.rotary-reims-en-champagne.com\/local\/cache-vignettes\/L400xH266\/Plenary022-19395-ceb72.jpg?1480089669\" alt=\"\" width=\"400\" height=\"266\"><\/span><br class=\"autobr\">&#8220;Rotary Mode d\u2019Emploi&#8221; (Version 2009)<\/p>\n","protected":false},"excerpt":{"rendered":"<p>Le Rotary est une association de 1 200 000 d\u2019hommes et de femmes, pr\u00e9sent dans pr\u00e8s de 170 pays, repr\u00e9sentant l\u2019ensemble des professions. Il est le plus ancien des clubs services internationaux et le plus pr\u00e9sent dans le monde. Il &hellip; <a href=\"http:\/\/rotary-reimsgrandjeu.org\/?page_id=263\">Continuer la lecture <span class=\"meta-nav\">&rarr;<\/span><\/a><\/p>\n","protected":false},"author":1,"featured_media":0,"parent":0,"menu_order":0,"comment_status":"closed","ping_status":"closed","template":"","meta":{"ngg_post_thumbnail":0,"footnotes":""},"yoast_head":"<!-- This site is optimized with the Yoast SEO plugin v15.3 - https:\/\/yoast.com\/wordpress\/plugins\/seo\/ -->\n<meta name=\"robots\" content=\"index, follow, max-snippet:-1, max-image-preview:large, max-video-preview:-1\" \/>\n<link rel=\"canonical\" href=\"http:\/\/rotary-reimsgrandjeu.org\/?page_id=263\" \/>\n<meta property=\"og:locale\" content=\"fr_FR\" \/>\n<meta property=\"og:type\" content=\"article\" \/>\n<meta property=\"og:title\" content=\"Rotary International -\" \/>\n<meta property=\"og:description\" content=\"Le Rotary est une association de 1 200 000 d\u2019hommes et de femmes, pr\u00e9sent dans pr\u00e8s de 170 pays, repr\u00e9sentant l\u2019ensemble des professions. Il est le plus ancien des clubs services internationaux et le plus pr\u00e9sent dans le monde. Il &hellip; Continuer la lecture &rarr;\" \/>\n<meta property=\"og:url\" content=\"http:\/\/rotary-reimsgrandjeu.org\/?page_id=263\" \/>\n<meta property=\"article:modified_time\" content=\"2018-02-09T00:32:00+00:00\" \/>\n<meta property=\"og:image\" content=\"http:\/\/www.rotary-reims-en-champagne.com\/local\/cache-vignettes\/L113xH170\/pharris1jpg-cd6a-0353d.jpg?1480089669\" \/>\n<meta name=\"twitter:card\" content=\"summary\" \/>\n<meta name=\"twitter:label1\" content=\"\u00c9crit par\">\n\t<meta name=\"twitter:data1\" content=\"R51JC_-\">\n\t<meta name=\"twitter:label2\" content=\"Dur\u00e9e de lecture est.\">\n\t<meta name=\"twitter:data2\" content=\"2 minutes\">\n<script type=\"application\/ld+json\" class=\"yoast-schema-graph\">{\"@context\":\"https:\/\/schema.org\",\"@graph\":[{\"@type\":\"WebSite\",\"@id\":\"http:\/\/rotary-reimsgrandjeu.org\/#website\",\"url\":\"http:\/\/rotary-reimsgrandjeu.org\/\",\"name\":\"\",\"description\":\"\",\"potentialAction\":[{\"@type\":\"SearchAction\",\"target\":\"http:\/\/rotary-reimsgrandjeu.org\/?s={search_term_string}\",\"query-input\":\"required name=search_term_string\"}],\"inLanguage\":\"fr-FR\"},{\"@type\":\"ImageObject\",\"@id\":\"http:\/\/rotary-reimsgrandjeu.org\/?page_id=263#primaryimage\",\"inLanguage\":\"fr-FR\",\"url\":\"http:\/\/www.rotary-reims-en-champagne.com\/local\/cache-vignettes\/L113xH170\/pharris1jpg-cd6a-0353d.jpg?1480089669\"},{\"@type\":\"WebPage\",\"@id\":\"http:\/\/rotary-reimsgrandjeu.org\/?page_id=263#webpage\",\"url\":\"http:\/\/rotary-reimsgrandjeu.org\/?page_id=263\",\"name\":\"Rotary International -\",\"isPartOf\":{\"@id\":\"http:\/\/rotary-reimsgrandjeu.org\/#website\"},\"primaryImageOfPage\":{\"@id\":\"http:\/\/rotary-reimsgrandjeu.org\/?page_id=263#primaryimage\"},\"datePublished\":\"2017-08-03T13:33:47+00:00\",\"dateModified\":\"2018-02-09T00:32:00+00:00\",\"inLanguage\":\"fr-FR\",\"potentialAction\":[{\"@type\":\"ReadAction\",\"target\":[\"http:\/\/rotary-reimsgrandjeu.org\/?page_id=263\"]}]}]}<\/script>\n<!-- \/ Yoast SEO plugin. -->","_links":{"self":[{"href":"http:\/\/rotary-reimsgrandjeu.org\/index.php?rest_route=\/wp\/v2\/pages\/263"}],"collection":[{"href":"http:\/\/rotary-reimsgrandjeu.org\/index.php?rest_route=\/wp\/v2\/pages"}],"about":[{"href":"http:\/\/rotary-reimsgrandjeu.org\/index.php?rest_route=\/wp\/v2\/types\/page"}],"author":[{"embeddable":true,"href":"http:\/\/rotary-reimsgrandjeu.org\/index.php?rest_route=\/wp\/v2\/users\/1"}],"replies":[{"embeddable":true,"href":"http:\/\/rotary-reimsgrandjeu.org\/index.php?rest_route=%2Fwp%2Fv2%2Fcomments&post=263"}],"version-history":[{"count":2,"href":"http:\/\/rotary-reimsgrandjeu.org\/index.php?rest_route=\/wp\/v2\/pages\/263\/revisions"}],"predecessor-version":[{"id":381,"href":"http:\/\/rotary-reimsgrandjeu.org\/index.php?rest_route=\/wp\/v2\/pages\/263\/revisions\/381"}],"wp:attachment":[{"href":"http:\/\/rotary-reimsgrandjeu.org\/index.php?rest_route=%2Fwp%2Fv2%2Fmedia&parent=263"}],"curies":[{"name":"wp","href":"https:\/\/api.w.org\/{rel}","templated":true}]}}