{"id":338,"date":"2018-01-13T19:36:53","date_gmt":"2018-01-13T17:36:53","guid":{"rendered":"http:\/\/rotary-reimsgrandjeu.org\/?page_id=338"},"modified":"2018-01-13T20:04:32","modified_gmt":"2018-01-13T18:04:32","slug":"lart-a-lhopital","status":"publish","type":"page","link":"http:\/\/rotary-reimsgrandjeu.org\/?page_id=338","title":{"rendered":"L&#8217;ART A L&#8217;HOPITAL"},"content":{"rendered":"<p><img decoding=\"async\" loading=\"lazy\" class=\"alignnone size-medium wp-image-363\" src=\"http:\/\/rotary-reimsgrandjeu.org\/wp-content\/uploads\/2018\/01\/CIMG5990-300x225.jpg\" alt=\"\" width=\"300\" height=\"225\" srcset=\"http:\/\/rotary-reimsgrandjeu.org\/wp-content\/uploads\/2018\/01\/CIMG5990-300x225.jpg 300w, http:\/\/rotary-reimsgrandjeu.org\/wp-content\/uploads\/2018\/01\/CIMG5990-768x576.jpg 768w, http:\/\/rotary-reimsgrandjeu.org\/wp-content\/uploads\/2018\/01\/CIMG5990-1024x768.jpg 1024w\" sizes=\"(max-width: 300px) 100vw, 300px\" \/><\/p>\n<p>Vente aux ench\u00e8res, \u00e0&nbsp;destination des enfants hospitalis\u00e9s \u00e0 Reims,&nbsp;d\u2019\u0153uvres r\u00e9alis\u00e9es par des artistes s\u00e9lectionn\u00e9s, \u00e0 partir de bo\u00eetes en bois pour magnum de champagne.<\/p>\n","protected":false},"excerpt":{"rendered":"<p>Vente aux ench\u00e8res, \u00e0&nbsp;destination des enfants hospitalis\u00e9s \u00e0 Reims,&nbsp;d\u2019\u0153uvres r\u00e9alis\u00e9es par des artistes s\u00e9lectionn\u00e9s, \u00e0 partir de bo\u00eetes en bois pour magnum de champagne.<\/p>\n","protected":false},"author":1,"featured_media":0,"parent":252,"menu_order":0,"comment_status":"closed","ping_status":"closed","template":"","meta":{"ngg_post_thumbnail":0,"footnotes":""},"yoast_head":"<!-- This site is optimized with the Yoast SEO plugin v15.3 - https:\/\/yoast.com\/wordpress\/plugins\/seo\/ -->\n<meta name=\"robots\" content=\"index, follow, max-snippet:-1, max-image-preview:large, max-video-preview:-1\" \/>\n<link rel=\"canonical\" href=\"http:\/\/rotary-reimsgrandjeu.org\/?page_id=338\" \/>\n<meta property=\"og:locale\" content=\"fr_FR\" \/>\n<meta property=\"og:type\" content=\"article\" \/>\n<meta property=\"og:title\" content=\"L&#039;ART A L&#039;HOPITAL -\" \/>\n<meta property=\"og:description\" content=\"Vente aux ench\u00e8res, \u00e0&nbsp;destination des enfants hospitalis\u00e9s \u00e0 Reims,&nbsp;d\u2019\u0153uvres r\u00e9alis\u00e9es par des artistes s\u00e9lectionn\u00e9s, \u00e0 partir de bo\u00eetes en bois pour magnum de champagne.\" \/>\n<meta property=\"og:url\" content=\"http:\/\/rotary-reimsgrandjeu.org\/?page_id=338\" \/>\n<meta property=\"article:modified_time\" content=\"2018-01-13T18:04:32+00:00\" \/>\n<meta property=\"og:image\" content=\"http:\/\/rotary-reimsgrandjeu.org\/wp-content\/uploads\/2018\/01\/CIMG5990-300x225.jpg\" \/>\n<meta name=\"twitter:card\" content=\"summary\" \/>\n<meta name=\"twitter:label1\" content=\"\u00c9crit par\">\n\t<meta name=\"twitter:data1\" content=\"R51JC_-\">\n\t<meta name=\"twitter:label2\" content=\"Dur\u00e9e de lecture est.\">\n\t<meta name=\"twitter:data2\" content=\"0 minute\">\n<script type=\"application\/ld+json\" class=\"yoast-schema-graph\">{\"@context\":\"https:\/\/schema.org\",\"@graph\":[{\"@type\":\"WebSite\",\"@id\":\"http:\/\/rotary-reimsgrandjeu.org\/#website\",\"url\":\"http:\/\/rotary-reimsgrandjeu.org\/\",\"name\":\"\",\"description\":\"\",\"potentialAction\":[{\"@type\":\"SearchAction\",\"target\":\"http:\/\/rotary-reimsgrandjeu.org\/?s={search_term_string}\",\"query-input\":\"required name=search_term_string\"}],\"inLanguage\":\"fr-FR\"},{\"@type\":\"ImageObject\",\"@id\":\"http:\/\/rotary-reimsgrandjeu.org\/?page_id=338#primaryimage\",\"inLanguage\":\"fr-FR\",\"url\":\"http:\/\/rotary-reimsgrandjeu.org\/wp-content\/uploads\/2018\/01\/CIMG5990.jpg\",\"width\":2560,\"height\":1920},{\"@type\":\"WebPage\",\"@id\":\"http:\/\/rotary-reimsgrandjeu.org\/?page_id=338#webpage\",\"url\":\"http:\/\/rotary-reimsgrandjeu.org\/?page_id=338\",\"name\":\"L'ART A L'HOPITAL -\",\"isPartOf\":{\"@id\":\"http:\/\/rotary-reimsgrandjeu.org\/#website\"},\"primaryImageOfPage\":{\"@id\":\"http:\/\/rotary-reimsgrandjeu.org\/?page_id=338#primaryimage\"},\"datePublished\":\"2018-01-13T17:36:53+00:00\",\"dateModified\":\"2018-01-13T18:04:32+00:00\",\"inLanguage\":\"fr-FR\",\"potentialAction\":[{\"@type\":\"ReadAction\",\"target\":[\"http:\/\/rotary-reimsgrandjeu.org\/?page_id=338\"]}]}]}<\/script>\n<!-- \/ Yoast SEO plugin. -->","_links":{"self":[{"href":"http:\/\/rotary-reimsgrandjeu.org\/index.php?rest_route=\/wp\/v2\/pages\/338"}],"collection":[{"href":"http:\/\/rotary-reimsgrandjeu.org\/index.php?rest_route=\/wp\/v2\/pages"}],"about":[{"href":"http:\/\/rotary-reimsgrandjeu.org\/index.php?rest_route=\/wp\/v2\/types\/page"}],"author":[{"embeddable":true,"href":"http:\/\/rotary-reimsgrandjeu.org\/index.php?rest_route=\/wp\/v2\/users\/1"}],"replies":[{"embeddable":true,"href":"http:\/\/rotary-reimsgrandjeu.org\/index.php?rest_route=%2Fwp%2Fv2%2Fcomments&post=338"}],"version-history":[{"count":4,"href":"http:\/\/rotary-reimsgrandjeu.org\/index.php?rest_route=\/wp\/v2\/pages\/338\/revisions"}],"predecessor-version":[{"id":366,"href":"http:\/\/rotary-reimsgrandjeu.org\/index.php?rest_route=\/wp\/v2\/pages\/338\/revisions\/366"}],"up":[{"embeddable":true,"href":"http:\/\/rotary-reimsgrandjeu.org\/index.php?rest_route=\/wp\/v2\/pages\/252"}],"wp:attachment":[{"href":"http:\/\/rotary-reimsgrandjeu.org\/index.php?rest_route=%2Fwp%2Fv2%2Fmedia&parent=338"}],"curies":[{"name":"wp","href":"https:\/\/api.w.org\/{rel}","templated":true}]}}