{"id":340,"date":"2018-01-13T19:39:21","date_gmt":"2018-01-13T17:39:21","guid":{"rendered":"http:\/\/rotary-reimsgrandjeu.org\/?page_id=340"},"modified":"2018-02-20T01:05:47","modified_gmt":"2018-02-19T23:05:47","slug":"soutien-aux-regates-remoises-section-handisport","status":"publish","type":"page","link":"http:\/\/rotary-reimsgrandjeu.org\/?page_id=340","title":{"rendered":"SOUTIEN AUX REGATES REMOISES SECTION HANDISPORT"},"content":{"rendered":"<div id=\"attachment_413\" style=\"width: 435px\" class=\"wp-caption aligncenter\"><img aria-describedby=\"caption-attachment-413\" decoding=\"async\" loading=\"lazy\" class=\" wp-image-413\" src=\"http:\/\/rotary-reimsgrandjeu.org\/wp-content\/uploads\/2018\/02\/DSC_4094-300x200.jpg\" alt=\"\" width=\"425\" height=\"283\" srcset=\"http:\/\/rotary-reimsgrandjeu.org\/wp-content\/uploads\/2018\/02\/DSC_4094-300x200.jpg 300w, http:\/\/rotary-reimsgrandjeu.org\/wp-content\/uploads\/2018\/02\/DSC_4094-768x511.jpg 768w, http:\/\/rotary-reimsgrandjeu.org\/wp-content\/uploads\/2018\/02\/DSC_4094.jpg 1000w\" sizes=\"(max-width: 425px) 100vw, 425px\" \/><p id=\"caption-attachment-413\" class=\"wp-caption-text\">Pr\u00e9sentation du bateau handisport financ\u00e9 avec la participation du Club Rotary Reims Grand Jeu le 22 janvier 2016 aux R\u00e9gates R\u00e9moises<\/p><\/div>\n<p style=\"text-align: justify;\">Participation au financement d&#8217;un bateau pour la section handisport des r\u00e9gates r\u00e9moises via une vente aux ench\u00e8res de compressions r\u00e9alis\u00e9es \u00e0 partir de capsules et muselets de champagne;<\/p>\n<p>&nbsp;<\/p>\n<p><img decoding=\"async\" loading=\"lazy\" class=\" wp-image-433 aligncenter\" style=\"text-align: justify;\" src=\"http:\/\/rotary-reimsgrandjeu.org\/wp-content\/uploads\/2018\/02\/Screen-Shot-02-20-18-at-12.03-AM-202x300.png\" alt=\"\" width=\"438\" height=\"651\" srcset=\"http:\/\/rotary-reimsgrandjeu.org\/wp-content\/uploads\/2018\/02\/Screen-Shot-02-20-18-at-12.03-AM-202x300.png 202w, http:\/\/rotary-reimsgrandjeu.org\/wp-content\/uploads\/2018\/02\/Screen-Shot-02-20-18-at-12.03-AM-689x1024.png 689w, http:\/\/rotary-reimsgrandjeu.org\/wp-content\/uploads\/2018\/02\/Screen-Shot-02-20-18-at-12.03-AM.png 704w\" sizes=\"(max-width: 438px) 100vw, 438px\" \/><\/p>\n<p>&nbsp;<\/p>\n<p>&nbsp;<\/p>\n","protected":false},"excerpt":{"rendered":"<p>Participation au financement d&#8217;un bateau pour la section handisport des r\u00e9gates r\u00e9moises via une vente aux ench\u00e8res de compressions r\u00e9alis\u00e9es \u00e0 partir de capsules et muselets de champagne; &nbsp; &nbsp; &nbsp;<\/p>\n","protected":false},"author":1,"featured_media":0,"parent":252,"menu_order":0,"comment_status":"closed","ping_status":"closed","template":"","meta":{"ngg_post_thumbnail":0,"footnotes":""},"yoast_head":"<!-- This site is optimized with the Yoast SEO plugin v15.3 - https:\/\/yoast.com\/wordpress\/plugins\/seo\/ -->\n<meta name=\"robots\" content=\"index, follow, max-snippet:-1, max-image-preview:large, max-video-preview:-1\" \/>\n<link rel=\"canonical\" href=\"http:\/\/rotary-reimsgrandjeu.org\/?page_id=340\" \/>\n<meta property=\"og:locale\" content=\"fr_FR\" \/>\n<meta property=\"og:type\" content=\"article\" \/>\n<meta property=\"og:title\" content=\"SOUTIEN AUX REGATES REMOISES SECTION HANDISPORT -\" \/>\n<meta property=\"og:description\" content=\"Participation au financement d&#8217;un bateau pour la section handisport des r\u00e9gates r\u00e9moises via une vente aux ench\u00e8res de compressions r\u00e9alis\u00e9es \u00e0 partir de capsules et muselets de champagne; &nbsp; &nbsp; &nbsp;\" \/>\n<meta property=\"og:url\" content=\"http:\/\/rotary-reimsgrandjeu.org\/?page_id=340\" \/>\n<meta property=\"article:modified_time\" content=\"2018-02-19T23:05:47+00:00\" \/>\n<meta property=\"og:image\" content=\"http:\/\/rotary-reimsgrandjeu.org\/wp-content\/uploads\/2018\/02\/DSC_4094-300x200.jpg\" \/>\n<meta name=\"twitter:card\" content=\"summary\" \/>\n<meta name=\"twitter:label1\" content=\"\u00c9crit par\">\n\t<meta name=\"twitter:data1\" content=\"R51JC_-\">\n\t<meta name=\"twitter:label2\" content=\"Dur\u00e9e de lecture est.\">\n\t<meta name=\"twitter:data2\" content=\"0 minute\">\n<script type=\"application\/ld+json\" class=\"yoast-schema-graph\">{\"@context\":\"https:\/\/schema.org\",\"@graph\":[{\"@type\":\"WebSite\",\"@id\":\"http:\/\/rotary-reimsgrandjeu.org\/#website\",\"url\":\"http:\/\/rotary-reimsgrandjeu.org\/\",\"name\":\"\",\"description\":\"\",\"potentialAction\":[{\"@type\":\"SearchAction\",\"target\":\"http:\/\/rotary-reimsgrandjeu.org\/?s={search_term_string}\",\"query-input\":\"required name=search_term_string\"}],\"inLanguage\":\"fr-FR\"},{\"@type\":\"ImageObject\",\"@id\":\"http:\/\/rotary-reimsgrandjeu.org\/?page_id=340#primaryimage\",\"inLanguage\":\"fr-FR\",\"url\":\"http:\/\/rotary-reimsgrandjeu.org\/wp-content\/uploads\/2018\/02\/DSC_4094.jpg\",\"width\":1000,\"height\":666,\"caption\":\"Pr\\u00e9sentation du bateau handisport financ\\u00e9 avec la participation du Club Rotary Reims Grand Jeu le 22 janvier 2016 aux R\\u00e9gates R\\u00e9moises\"},{\"@type\":\"WebPage\",\"@id\":\"http:\/\/rotary-reimsgrandjeu.org\/?page_id=340#webpage\",\"url\":\"http:\/\/rotary-reimsgrandjeu.org\/?page_id=340\",\"name\":\"SOUTIEN AUX REGATES REMOISES SECTION HANDISPORT -\",\"isPartOf\":{\"@id\":\"http:\/\/rotary-reimsgrandjeu.org\/#website\"},\"primaryImageOfPage\":{\"@id\":\"http:\/\/rotary-reimsgrandjeu.org\/?page_id=340#primaryimage\"},\"datePublished\":\"2018-01-13T17:39:21+00:00\",\"dateModified\":\"2018-02-19T23:05:47+00:00\",\"inLanguage\":\"fr-FR\",\"potentialAction\":[{\"@type\":\"ReadAction\",\"target\":[\"http:\/\/rotary-reimsgrandjeu.org\/?page_id=340\"]}]}]}<\/script>\n<!-- \/ Yoast SEO plugin. -->","_links":{"self":[{"href":"http:\/\/rotary-reimsgrandjeu.org\/index.php?rest_route=\/wp\/v2\/pages\/340"}],"collection":[{"href":"http:\/\/rotary-reimsgrandjeu.org\/index.php?rest_route=\/wp\/v2\/pages"}],"about":[{"href":"http:\/\/rotary-reimsgrandjeu.org\/index.php?rest_route=\/wp\/v2\/types\/page"}],"author":[{"embeddable":true,"href":"http:\/\/rotary-reimsgrandjeu.org\/index.php?rest_route=\/wp\/v2\/users\/1"}],"replies":[{"embeddable":true,"href":"http:\/\/rotary-reimsgrandjeu.org\/index.php?rest_route=%2Fwp%2Fv2%2Fcomments&post=340"}],"version-history":[{"count":5,"href":"http:\/\/rotary-reimsgrandjeu.org\/index.php?rest_route=\/wp\/v2\/pages\/340\/revisions"}],"predecessor-version":[{"id":434,"href":"http:\/\/rotary-reimsgrandjeu.org\/index.php?rest_route=\/wp\/v2\/pages\/340\/revisions\/434"}],"up":[{"embeddable":true,"href":"http:\/\/rotary-reimsgrandjeu.org\/index.php?rest_route=\/wp\/v2\/pages\/252"}],"wp:attachment":[{"href":"http:\/\/rotary-reimsgrandjeu.org\/index.php?rest_route=%2Fwp%2Fv2%2Fmedia&parent=340"}],"curies":[{"name":"wp","href":"https:\/\/api.w.org\/{rel}","templated":true}]}}