{"id":352,"date":"2018-01-13T19:45:34","date_gmt":"2018-01-13T17:45:34","guid":{"rendered":"http:\/\/rotary-reimsgrandjeu.org\/?page_id=352"},"modified":"2024-02-03T22:43:32","modified_gmt":"2024-02-03T20:43:32","slug":"cocktail-caritatif-31-01-2018","status":"publish","type":"page","link":"http:\/\/rotary-reimsgrandjeu.org\/?page_id=352","title":{"rendered":"COCKTAIL CARITATIF 31\/01\/2018"},"content":{"rendered":"<p>Le Rotary Club Reims Grand Jeu organise :&nbsp;<\/p>\n<p style=\"text-align: center;\"><span style=\"font-size: 18pt;\"><strong>un cocktail caritatif<\/strong><\/span><\/p>\n<p style=\"text-align: center;\"><strong>le mercredi 31\/1\/2018 \u00e0 partir de 19h,<\/strong><\/p>\n<p style=\"text-align: center;\"><strong>au Bouillon des Halles,&nbsp;18 Rue du Temple, 51100 Reims<\/strong><\/p>\n<p style=\"text-align: left;\">Les b\u00e9n\u00e9fices seront revers\u00e9s \u00e0 une association qui vient en aide aux personnes pr\u00e9sentant des troubles du comportement alimentaire (anorexie, boulimie) :&nbsp;<\/p>\n<div id=\"attachment_320\" style=\"width: 170px\" class=\"wp-caption aligncenter\"><a href=\"http:\/\/maison-nutrition.fr\/leregarddumiroir\/accueil.html\"><img aria-describedby=\"caption-attachment-320\" decoding=\"async\" loading=\"lazy\" class=\"wp-image-320\" src=\"http:\/\/rotary-reimsgrandjeu.org\/wp-content\/uploads\/2017\/11\/logo-large.jpg\" alt=\"\" width=\"160\" height=\"113\"><\/a><p id=\"caption-attachment-320\" class=\"wp-caption-text\">Le regard du miroir<\/p><\/div>\n<p>PAF : 20 \u20ac comprenant l&#8217;ap\u00e9ritif et une boisson<\/p>\n<p>Les billets d&#8217;entr\u00e9e sont disponibles aupr\u00e8s de nos membres ou en ligne en suivant ce lien : <a href=\"http:\/\/www.lepotcommun.fr\/billet\/6f8nrp8g\" target=\"_blank\" rel=\"nofollow noopener\" data-lynx-mode=\"async\" data-lynx-uri=\"https:\/\/l.facebook.com\/l.php?u=http%3A%2F%2Fwww.lepotcommun.fr%2Fbillet%2F6f8nrp8g&amp;h=ATPfhLcbi1QjEdKg4JmNSxeuE9sAkiBfSvN3c6fer0IYR5qlcpNSwRqZcQTfrsH9H7ohkgUgfl_57KEHG5e5eXiuQhCT4joWLt0VYHFM1MrL1OQhAVA9FgLj3VkKaeipKUeDpueazimLPH6RVCChUvjj-uxWpKMn3kyH7xI2UwrfpB4F4yKdnPIWUmVS7LisKs4Owp3J94lgK4Hz8FSJ7lrhtPHwQSlj5XheB0X-9N41on-Avug\">http:\/\/www.lepotcommun.fr\/<wbr>billet\/6f8nrp8g<\/a><\/p>\n<p>En cas d\u2019indisponibilit\u00e9, vous pouvez \u00e9galement aider l\u2019association en participant \u00e0 une cagnotte solidaire :&nbsp;<a href=\"https:\/\/www.lepotcommun.fr\/pot\/mdpaopu3\" target=\"_blank\" rel=\"nofollow noopener\" data-lynx-mode=\"async\" data-lynx-uri=\"https:\/\/l.facebook.com\/l.php?u=https%3A%2F%2Fwww.lepotcommun.fr%2Fpot%2Fmdpaopu3&amp;h=ATOR2HMu-ExGSY6rpRFI60EmX5Z281wPSmCY85cwTbrGdR73b_lf9xHYvKaTPBSjFU8E8jknyjgpvWxLEDka9ADwOWIpiA00zr0f3727-qnNN9S1PW9fYDMHWLQxcSespO6q3iluhbyKQh8VaA8G_wdAcvT2bDjS2Jhmv7Lhsz5arzL949AUNf3Um5SKn2VLz6tf5rhk8YfkBNTBbMt54nfyhLc4N7z66r5jxSYwY3yjSUtv92M\">https:\/\/<wbr>www.lepotcommun.fr\/pot\/<wbr>mdpaopu3<\/a><\/p>\n<p>&nbsp;<\/p>\n","protected":false},"excerpt":{"rendered":"<p>Le Rotary Club Reims Grand Jeu organise :&nbsp; un cocktail caritatif le mercredi 31\/1\/2018 \u00e0 partir de 19h, au Bouillon des Halles,&nbsp;18 Rue du Temple, 51100 Reims Les b\u00e9n\u00e9fices seront revers\u00e9s \u00e0 une association qui vient en aide aux personnes &hellip; <a href=\"http:\/\/rotary-reimsgrandjeu.org\/?page_id=352\">Continuer la lecture <span class=\"meta-nav\">&rarr;<\/span><\/a><\/p>\n","protected":false},"author":1,"featured_media":0,"parent":252,"menu_order":0,"comment_status":"closed","ping_status":"closed","template":"","meta":{"ngg_post_thumbnail":0,"footnotes":""},"yoast_head":"<!-- This site is optimized with the Yoast SEO plugin v15.3 - https:\/\/yoast.com\/wordpress\/plugins\/seo\/ -->\n<meta name=\"robots\" content=\"index, follow, max-snippet:-1, max-image-preview:large, max-video-preview:-1\" \/>\n<link rel=\"canonical\" href=\"http:\/\/rotary-reimsgrandjeu.org\/?page_id=352\" \/>\n<meta property=\"og:locale\" content=\"fr_FR\" \/>\n<meta property=\"og:type\" content=\"article\" \/>\n<meta property=\"og:title\" content=\"COCKTAIL CARITATIF 31\/01\/2018 -\" \/>\n<meta property=\"og:description\" content=\"Le Rotary Club Reims Grand Jeu organise :&nbsp; un cocktail caritatif le mercredi 31\/1\/2018 \u00e0 partir de 19h, au Bouillon des Halles,&nbsp;18 Rue du Temple, 51100 Reims Les b\u00e9n\u00e9fices seront revers\u00e9s \u00e0 une association qui vient en aide aux personnes &hellip; Continuer la lecture &rarr;\" \/>\n<meta property=\"og:url\" content=\"http:\/\/rotary-reimsgrandjeu.org\/?page_id=352\" \/>\n<meta property=\"article:modified_time\" content=\"2024-02-03T20:43:32+00:00\" \/>\n<meta property=\"og:image\" content=\"http:\/\/rotary-reimsgrandjeu.org\/wp-content\/uploads\/2017\/11\/logo-large.jpg\" \/>\n<meta name=\"twitter:card\" content=\"summary\" \/>\n<meta name=\"twitter:label1\" content=\"\u00c9crit par\">\n\t<meta name=\"twitter:data1\" content=\"R51JC_-\">\n\t<meta name=\"twitter:label2\" content=\"Dur\u00e9e de lecture est.\">\n\t<meta name=\"twitter:data2\" content=\"0 minute\">\n<script type=\"application\/ld+json\" class=\"yoast-schema-graph\">{\"@context\":\"https:\/\/schema.org\",\"@graph\":[{\"@type\":\"WebSite\",\"@id\":\"http:\/\/rotary-reimsgrandjeu.org\/#website\",\"url\":\"http:\/\/rotary-reimsgrandjeu.org\/\",\"name\":\"\",\"description\":\"\",\"potentialAction\":[{\"@type\":\"SearchAction\",\"target\":\"http:\/\/rotary-reimsgrandjeu.org\/?s={search_term_string}\",\"query-input\":\"required name=search_term_string\"}],\"inLanguage\":\"fr-FR\"},{\"@type\":\"ImageObject\",\"@id\":\"http:\/\/rotary-reimsgrandjeu.org\/?page_id=352#primaryimage\",\"inLanguage\":\"fr-FR\",\"url\":\"http:\/\/rotary-reimsgrandjeu.org\/wp-content\/uploads\/2017\/11\/logo-large.jpg\",\"width\":143,\"height\":101},{\"@type\":\"WebPage\",\"@id\":\"http:\/\/rotary-reimsgrandjeu.org\/?page_id=352#webpage\",\"url\":\"http:\/\/rotary-reimsgrandjeu.org\/?page_id=352\",\"name\":\"COCKTAIL CARITATIF 31\/01\/2018 -\",\"isPartOf\":{\"@id\":\"http:\/\/rotary-reimsgrandjeu.org\/#website\"},\"primaryImageOfPage\":{\"@id\":\"http:\/\/rotary-reimsgrandjeu.org\/?page_id=352#primaryimage\"},\"datePublished\":\"2018-01-13T17:45:34+00:00\",\"dateModified\":\"2024-02-03T20:43:32+00:00\",\"inLanguage\":\"fr-FR\",\"potentialAction\":[{\"@type\":\"ReadAction\",\"target\":[\"http:\/\/rotary-reimsgrandjeu.org\/?page_id=352\"]}]}]}<\/script>\n<!-- \/ Yoast SEO plugin. -->","_links":{"self":[{"href":"http:\/\/rotary-reimsgrandjeu.org\/index.php?rest_route=\/wp\/v2\/pages\/352"}],"collection":[{"href":"http:\/\/rotary-reimsgrandjeu.org\/index.php?rest_route=\/wp\/v2\/pages"}],"about":[{"href":"http:\/\/rotary-reimsgrandjeu.org\/index.php?rest_route=\/wp\/v2\/types\/page"}],"author":[{"embeddable":true,"href":"http:\/\/rotary-reimsgrandjeu.org\/index.php?rest_route=\/wp\/v2\/users\/1"}],"replies":[{"embeddable":true,"href":"http:\/\/rotary-reimsgrandjeu.org\/index.php?rest_route=%2Fwp%2Fv2%2Fcomments&post=352"}],"version-history":[{"count":2,"href":"http:\/\/rotary-reimsgrandjeu.org\/index.php?rest_route=\/wp\/v2\/pages\/352\/revisions"}],"predecessor-version":[{"id":354,"href":"http:\/\/rotary-reimsgrandjeu.org\/index.php?rest_route=\/wp\/v2\/pages\/352\/revisions\/354"}],"up":[{"embeddable":true,"href":"http:\/\/rotary-reimsgrandjeu.org\/index.php?rest_route=\/wp\/v2\/pages\/252"}],"wp:attachment":[{"href":"http:\/\/rotary-reimsgrandjeu.org\/index.php?rest_route=%2Fwp%2Fv2%2Fmedia&parent=352"}],"curies":[{"name":"wp","href":"https:\/\/api.w.org\/{rel}","templated":true}]}}