{"id":387,"date":"2018-02-19T23:59:39","date_gmt":"2018-02-19T21:59:39","guid":{"rendered":"http:\/\/rotary-reimsgrandjeu.org\/?page_id=387"},"modified":"2024-02-03T22:39:12","modified_gmt":"2024-02-03T20:39:12","slug":"concert-polio-bid-bang-de-reims","status":"publish","type":"page","link":"http:\/\/rotary-reimsgrandjeu.org\/?page_id=387","title":{"rendered":"CONCERT POLIO + avec le BID BANG de REIMS"},"content":{"rendered":"<p><a href=\"https:\/\/www.facebook.com\/groups\/thebidbang\/\" data-hovercard=\"\/ajax\/hovercard\/group.php?id=118329738228547&amp;extragetparams=%7B%22directed_target_id%22%3A2002876093289229%7D\" data-hovercard-prefer-more-content-show=\"1\">The Bid Bang<\/a>, grand ensemble de jazz de Reims, les clubs Rotary et InnerWheel de Reims, se sont associ\u00e9s le 16\/2\/2018 pour un voyage, dans la bonne humeur, \u00e0 travers l&#8217;histoire du(des) jazz, du negro spiritual au jazz rock, en passant par le swing&#8230;et ceci, pour la bonne cause : celle de l&#8217;\u00e9radication de la polio dans le monde \u00e0 l&#8217;<a href=\"https:\/\/www.facebook.com\/pages\/Op%C3%A9ra-de-Reims\/249326745234986\" data-hovercard=\"\/ajax\/hovercard\/page.php?id=249326745234986&amp;extragetparams=%7B%22directed_target_id%22%3A2002876093289229%7D\" data-hovercard-prefer-more-content-show=\"1\">Op\u00e9ra de Reims<\/a>.<\/p>\n<p><img decoding=\"async\" loading=\"lazy\" class=\"wp-image-389 aligncenter\" src=\"http:\/\/rotary-reimsgrandjeu.org\/wp-content\/uploads\/2018\/02\/27747390_1218452281620008_4755884111794011286_o-212x300.jpg\" alt=\"\" width=\"289\" height=\"409\" srcset=\"http:\/\/rotary-reimsgrandjeu.org\/wp-content\/uploads\/2018\/02\/27747390_1218452281620008_4755884111794011286_o-212x300.jpg 212w, http:\/\/rotary-reimsgrandjeu.org\/wp-content\/uploads\/2018\/02\/27747390_1218452281620008_4755884111794011286_o-768x1086.jpg 768w, http:\/\/rotary-reimsgrandjeu.org\/wp-content\/uploads\/2018\/02\/27747390_1218452281620008_4755884111794011286_o-724x1024.jpg 724w, http:\/\/rotary-reimsgrandjeu.org\/wp-content\/uploads\/2018\/02\/27747390_1218452281620008_4755884111794011286_o.jpg 1448w\" sizes=\"(max-width: 289px) 100vw, 289px\" \/>&nbsp; &nbsp; &nbsp; &nbsp; &nbsp;<\/p>\n<p>Ce concert a r\u00e9uni pr\u00e8s de 450 personnes ravies de ces 2 heures de spectacle \u00e0 l&#8217;\u00e9nergie communicative.&nbsp;&nbsp;<\/p>\n<p><img decoding=\"async\" loading=\"lazy\" class=\"wp-image-390 aligncenter\" src=\"http:\/\/rotary-reimsgrandjeu.org\/wp-content\/uploads\/2018\/02\/DSC_9678-2-300x149.jpg\" alt=\"\" width=\"598\" height=\"297\" srcset=\"http:\/\/rotary-reimsgrandjeu.org\/wp-content\/uploads\/2018\/02\/DSC_9678-2-300x149.jpg 300w, http:\/\/rotary-reimsgrandjeu.org\/wp-content\/uploads\/2018\/02\/DSC_9678-2-768x382.jpg 768w, http:\/\/rotary-reimsgrandjeu.org\/wp-content\/uploads\/2018\/02\/DSC_9678-2-1024x509.jpg 1024w\" sizes=\"(max-width: 598px) 100vw, 598px\" \/><\/p>\n<p>&nbsp;<\/p>\n","protected":false},"excerpt":{"rendered":"<p>The Bid Bang, grand ensemble de jazz de Reims, les clubs Rotary et InnerWheel de Reims, se sont associ\u00e9s le 16\/2\/2018 pour un voyage, dans la bonne humeur, \u00e0 travers l&#8217;histoire du(des) jazz, du negro spiritual au jazz rock, en &hellip; <a href=\"http:\/\/rotary-reimsgrandjeu.org\/?page_id=387\">Continuer la lecture <span class=\"meta-nav\">&rarr;<\/span><\/a><\/p>\n","protected":false},"author":1,"featured_media":0,"parent":252,"menu_order":0,"comment_status":"closed","ping_status":"closed","template":"","meta":{"ngg_post_thumbnail":0,"footnotes":""},"yoast_head":"<!-- This site is optimized with the Yoast SEO plugin v15.3 - https:\/\/yoast.com\/wordpress\/plugins\/seo\/ -->\n<meta name=\"robots\" content=\"index, follow, max-snippet:-1, max-image-preview:large, max-video-preview:-1\" \/>\n<link rel=\"canonical\" href=\"http:\/\/rotary-reimsgrandjeu.org\/?page_id=387\" \/>\n<meta property=\"og:locale\" content=\"fr_FR\" \/>\n<meta property=\"og:type\" content=\"article\" \/>\n<meta property=\"og:title\" content=\"CONCERT POLIO + avec le BID BANG de REIMS -\" \/>\n<meta property=\"og:description\" content=\"The Bid Bang, grand ensemble de jazz de Reims, les clubs Rotary et InnerWheel de Reims, se sont associ\u00e9s le 16\/2\/2018 pour un voyage, dans la bonne humeur, \u00e0 travers l&#8217;histoire du(des) jazz, du negro spiritual au jazz rock, en &hellip; Continuer la lecture &rarr;\" \/>\n<meta property=\"og:url\" content=\"http:\/\/rotary-reimsgrandjeu.org\/?page_id=387\" \/>\n<meta property=\"article:modified_time\" content=\"2024-02-03T20:39:12+00:00\" \/>\n<meta property=\"og:image\" content=\"http:\/\/rotary-reimsgrandjeu.org\/wp-content\/uploads\/2018\/02\/27747390_1218452281620008_4755884111794011286_o-212x300.jpg\" \/>\n<meta name=\"twitter:card\" content=\"summary\" \/>\n<meta name=\"twitter:label1\" content=\"\u00c9crit par\">\n\t<meta name=\"twitter:data1\" content=\"R51JC_-\">\n\t<meta name=\"twitter:label2\" content=\"Dur\u00e9e de lecture est.\">\n\t<meta name=\"twitter:data2\" content=\"0 minute\">\n<script type=\"application\/ld+json\" class=\"yoast-schema-graph\">{\"@context\":\"https:\/\/schema.org\",\"@graph\":[{\"@type\":\"WebSite\",\"@id\":\"http:\/\/rotary-reimsgrandjeu.org\/#website\",\"url\":\"http:\/\/rotary-reimsgrandjeu.org\/\",\"name\":\"\",\"description\":\"\",\"potentialAction\":[{\"@type\":\"SearchAction\",\"target\":\"http:\/\/rotary-reimsgrandjeu.org\/?s={search_term_string}\",\"query-input\":\"required name=search_term_string\"}],\"inLanguage\":\"fr-FR\"},{\"@type\":\"ImageObject\",\"@id\":\"http:\/\/rotary-reimsgrandjeu.org\/?page_id=387#primaryimage\",\"inLanguage\":\"fr-FR\",\"url\":\"http:\/\/rotary-reimsgrandjeu.org\/wp-content\/uploads\/2018\/02\/27747390_1218452281620008_4755884111794011286_o.jpg\",\"width\":1448,\"height\":2048},{\"@type\":\"WebPage\",\"@id\":\"http:\/\/rotary-reimsgrandjeu.org\/?page_id=387#webpage\",\"url\":\"http:\/\/rotary-reimsgrandjeu.org\/?page_id=387\",\"name\":\"CONCERT POLIO + avec le BID BANG de REIMS -\",\"isPartOf\":{\"@id\":\"http:\/\/rotary-reimsgrandjeu.org\/#website\"},\"primaryImageOfPage\":{\"@id\":\"http:\/\/rotary-reimsgrandjeu.org\/?page_id=387#primaryimage\"},\"datePublished\":\"2018-02-19T21:59:39+00:00\",\"dateModified\":\"2024-02-03T20:39:12+00:00\",\"inLanguage\":\"fr-FR\",\"potentialAction\":[{\"@type\":\"ReadAction\",\"target\":[\"http:\/\/rotary-reimsgrandjeu.org\/?page_id=387\"]}]}]}<\/script>\n<!-- \/ Yoast SEO plugin. -->","_links":{"self":[{"href":"http:\/\/rotary-reimsgrandjeu.org\/index.php?rest_route=\/wp\/v2\/pages\/387"}],"collection":[{"href":"http:\/\/rotary-reimsgrandjeu.org\/index.php?rest_route=\/wp\/v2\/pages"}],"about":[{"href":"http:\/\/rotary-reimsgrandjeu.org\/index.php?rest_route=\/wp\/v2\/types\/page"}],"author":[{"embeddable":true,"href":"http:\/\/rotary-reimsgrandjeu.org\/index.php?rest_route=\/wp\/v2\/users\/1"}],"replies":[{"embeddable":true,"href":"http:\/\/rotary-reimsgrandjeu.org\/index.php?rest_route=%2Fwp%2Fv2%2Fcomments&post=387"}],"version-history":[{"count":10,"href":"http:\/\/rotary-reimsgrandjeu.org\/index.php?rest_route=\/wp\/v2\/pages\/387\/revisions"}],"predecessor-version":[{"id":457,"href":"http:\/\/rotary-reimsgrandjeu.org\/index.php?rest_route=\/wp\/v2\/pages\/387\/revisions\/457"}],"up":[{"embeddable":true,"href":"http:\/\/rotary-reimsgrandjeu.org\/index.php?rest_route=\/wp\/v2\/pages\/252"}],"wp:attachment":[{"href":"http:\/\/rotary-reimsgrandjeu.org\/index.php?rest_route=%2Fwp%2Fv2%2Fmedia&parent=387"}],"curies":[{"name":"wp","href":"https:\/\/api.w.org\/{rel}","templated":true}]}}